{"id":782,"date":"2022-05-12T15:28:23","date_gmt":"2022-05-12T15:28:23","guid":{"rendered":"https:\/\/startersites.io\/blocksy\/bizconsult\/?page_id=7"},"modified":"2025-06-23T16:16:33","modified_gmt":"2025-06-23T14:16:33","slug":"home","status":"publish","type":"page","link":"https:\/\/a2i.im\/","title":{"rendered":"Accueil"},"content":{"rendered":"\n<div class=\"wp-block-stackable-columns stk-block-columns stk-block stk-293854b\" data-block-id=\"293854b\"><style>.stk-293854b {margin-bottom:0px !important;}.stk-293854b-column{--stk-column-gap:90px !important;row-gap:50px !important;}<\/style><div class=\"stk-row stk-inner-blocks stk-block-content stk-content-align stk-293854b-column\">\n<div class=\"wp-block-stackable-column stk-block-column stk-column stk-block stk-c11d750\" data-v=\"4\" data-block-id=\"c11d750\"><style>.stk-c11d750-container{margin-top:0px !important;margin-right:0px !important;margin-bottom:0px !important;margin-left:0px !important;}@media screen and (min-width:690px){.stk-c11d750 {flex:var(--stk-flex-grow, 1) 1 calc(45.69999999999999% - var(--stk-column-gap, 0px) * 1 \/ 2 ) !important;}}@media screen and (min-width:690px) and (max-width:999px){.stk-c11d750 {flex:var(--stk-flex-grow, 1) 1 calc(100% - var(--stk-column-gap, 0px) * 0 \/ 1 ) !important;}}<\/style><div class=\"stk-column-wrapper stk-block-column__content stk-container stk-c11d750-container stk--no-background stk--no-padding\"><div class=\"stk-block-content stk-inner-blocks stk-c11d750-inner-blocks\">\n<div class=\"wp-block-stackable-image stk-block-image stk-block stk-72a3f00\" data-block-id=\"72a3f00\"><style>.stk-72a3f00 {box-shadow:60px 60px 0px -20px #f2f2f2ff !important;}.stk-72a3f00 .stk-img-wrapper{width:100% !important;height:725px !important;}@media screen and (max-width:999px){.stk-72a3f00 .stk-img-wrapper{height:500px !important;}}<\/style><figure><span class=\"stk-img-wrapper stk-image--shape-stretch\"><img loading=\"lazy\" decoding=\"async\" class=\"stk-img wp-image-808\" src=\"https:\/\/a2i.im\/wp-content\/uploads\/2025\/06\/photo-85125609-024.jpg\" width=\"1500\" height=\"1000\" srcset=\"https:\/\/a2i.im\/wp-content\/uploads\/2025\/06\/photo-85125609-024.jpg 1500w, https:\/\/a2i.im\/wp-content\/uploads\/2025\/06\/photo-85125609-024-300x200.jpg 300w, https:\/\/a2i.im\/wp-content\/uploads\/2025\/06\/photo-85125609-024-1024x683.jpg 1024w, https:\/\/a2i.im\/wp-content\/uploads\/2025\/06\/photo-85125609-024-768x512.jpg 768w\" sizes=\"auto, (max-width: 1500px) 100vw, 1500px\" \/><\/span><\/figure><\/div>\n<\/div><\/div><\/div>\n\n\n\n<div class=\"wp-block-stackable-column stk-block-column stk-column stk-block stk-2264616\" data-v=\"4\" data-block-id=\"2264616\"><style>.stk-2264616-container{margin-top:0px !important;margin-right:0px !important;margin-bottom:0px !important;margin-left:0px !important;}@media screen and (min-width:690px){.stk-2264616 {flex:var(--stk-flex-grow, 1) 1 calc(54.30000000000001% - var(--stk-column-gap, 0px) * 1 \/ 2 ) !important;}}@media screen and (min-width:690px) and (max-width:999px){.stk-2264616 {flex:var(--stk-flex-grow, 1) 1 calc(100% - var(--stk-column-gap, 0px) * 0 \/ 1 ) !important;}}<\/style><div class=\"stk-column-wrapper stk-block-column__content stk-container stk-2264616-container stk--no-background stk--no-padding\"><div class=\"stk-block-content stk-inner-blocks stk-2264616-inner-blocks\">\n<div class=\"wp-block-stackable-heading stk-block-heading stk-block-heading--v2 stk-block stk-a353d24\" id=\"votre-partenaire-immobilier-depuis-plus-de-20-ans\" data-block-id=\"a353d24\"><style>.stk-a353d24 .stk-block-heading__text{font-size:40px !important;}@media screen and (max-width:999px){.stk-a353d24 .stk-block-heading__text{font-size:40px !important;}}<\/style><h2 class=\"stk-block-heading__text has-text-align-center-tablet\">Votre partenaire immobilier depuis plus de 20 ans<\/h2><\/div>\n\n\n\n<p class=\"has-text-align-left\">Passionn\u00e9 par la pierre et anim\u00e9 par la volont\u00e9 de d\u00e9fendre les int\u00e9r\u00eats de mes clients, j&#8217;accompagne vendeurs, acqu\u00e9reurs et investisseurs depuis 2003.<\/p>\n\n\n\n<p class=\"has-text-align-left\">Ma double exp\u00e9rience d\u2019agent et de promoteur immobilier me permet de :<br><br>D\u00e9velopper et piloter des op\u00e9rations de promotion (programmes neufs, r\u00e9habilitation d\u2019immeubles, ventes en \u00e9tat futur d\u2019ach\u00e8vement).<br><br>Estimer avec pr\u00e9cision tout type de bien (r\u00e9sidentiel, terrain, toiture-terrasse, locaux professionnels).<br><br>Mettre en valeur votre bien gr\u00e2ce \u00e0 des conseils d\u00e9coration, home-staging et photos professionnelles.<br><br>Diffuser votre annonce sur les meilleurs portails, aupr\u00e8s d\u2019un r\u00e9seau d\u2019acqu\u00e9reurs qualifi\u00e9s et de promoteurs s\u00e9lectionn\u00e9s.<br><br>N\u00e9gocier au plus juste pour optimiser votre prix net vendeur, dans le respect de vos d\u00e9lais.<br><br>S\u00e9curiser chaque \u00e9tape juridique : diagnostics, promesse, acte authentique, fiscalit\u00e9.<br><br>Piloter vos projets d\u2019investissement (d\u00e9fiscalisation, locatif meubl\u00e9, montage SCI).<br><br>Coordonner un r\u00e9seau d\u2019experts (notaires, g\u00e9om\u00e8tres, architectes, artisans) afin d\u2019apporter une solution \u00ab tout-en-un \u00bb.<br><br>Ma promesse : disponibilit\u00e9, transparence, exigence<br>Une relation directe : vous avez un interlocuteur unique, joignable 6 jours\/7.<br><br>Une strat\u00e9gie sur-mesure : chaque bien poss\u00e8de son histoire, chaque client ses objectifs.<br><br>Des honoraires justes : clairs d\u00e8s le d\u00e9part, payables uniquement au succ\u00e8s.<br><br>Vous avez un projet ? Discutons-en autour d\u2019un caf\u00e9 ou par t\u00e9l\u00e9phone au 01 46 47 90 86. Ensemble, donnons de la valeur \u00e0 vos biens et de la s\u00e9r\u00e9nit\u00e9 \u00e0 vos d\u00e9cisions immobili\u00e8res.<\/p>\n\n\n\n<p>Maximilien Motto<br><br><\/p>\n\n\n\n<div class=\"wp-block-stackable-columns stk-block-columns stk-block stk-cddcc48\" data-block-id=\"cddcc48\"><style>.stk-cddcc48 {margin-bottom:80px !important;}.stk-cddcc48-column{--stk-column-gap:20px !important;row-gap:50px !important;}@media screen and (max-width:689px){.stk-cddcc48 {margin-bottom:60px !important;}}<\/style><div class=\"stk-row stk-inner-blocks stk-block-content stk-content-align stk-cddcc48-column\">\n<div class=\"wp-block-stackable-column stk-block-column stk-column stk-block stk-3c14532\" data-v=\"4\" data-block-id=\"3c14532\"><style>.stk-3c14532-container{margin-top:0px !important;margin-right:0px !important;margin-bottom:0px !important;margin-left:0px !important;}<\/style><div class=\"stk-column-wrapper stk-block-column__content stk-container stk-3c14532-container stk--no-background stk--no-padding\"><div class=\"has-text-align-center stk-block-content stk-inner-blocks stk-3c14532-inner-blocks\">\n<div class=\"wp-block-stackable-count-up stk-block-count-up stk-block stk-820a14f\" data-block-id=\"820a14f\"><style>.stk-820a14f {margin-bottom:5px !important;}.stk-820a14f .stk-block-count-up__text{font-size:45px !important;color:var(--theme-palette-color-4, #0A1821) !important;line-height:1.2em !important;font-weight:bold !important;}@media screen and (max-width:999px){.stk-820a14f .stk-block-count-up__text{font-size:45px !important;}}<\/style><div class=\"stk-block-count-up__text has-text-color has-palette-color-4-color\">20+<\/div><\/div>\n\n\n\n<div class=\"wp-block-stackable-text stk-block-text stk-block stk-fd21070\" data-block-id=\"fd21070\"><style>.stk-fd21070 .stk-block-text__text{font-size:16px !important;color:var(--theme-palette-color-4, #0A1821) !important;font-weight:bold !important;}@media screen and (max-width:999px){.stk-fd21070 .stk-block-text__text{font-size:16px !important;}}<\/style><p class=\"stk-block-text__text has-text-color has-palette-color-4-color\">Ann\u00e9es d&#8217;experience<\/p><\/div>\n<\/div><\/div><\/div>\n\n\n\n<div class=\"wp-block-stackable-column stk-block-column stk-column stk-block stk-d5bae6d\" data-v=\"4\" data-block-id=\"d5bae6d\"><style>.stk-d5bae6d-container{margin-top:0px !important;margin-right:0px !important;margin-bottom:0px !important;margin-left:0px !important;}<\/style><div class=\"stk-column-wrapper stk-block-column__content stk-container stk-d5bae6d-container stk--no-background stk--no-padding\"><div class=\"has-text-align-center stk-block-content stk-inner-blocks stk-d5bae6d-inner-blocks\">\n<div class=\"wp-block-stackable-count-up stk-block-count-up stk-block stk-db508e7\" data-block-id=\"db508e7\"><style>.stk-db508e7 {margin-bottom:5px !important;}.stk-db508e7 .stk-block-count-up__text{font-size:45px !important;color:var(--theme-palette-color-4, #0A1821) !important;line-height:1.2em !important;font-weight:bold !important;}@media screen and (max-width:999px){.stk-db508e7 .stk-block-count-up__text{font-size:45px !important;}}<\/style><div class=\"stk-block-count-up__text has-text-color has-palette-color-4-color\">100+<\/div><\/div>\n\n\n\n<div class=\"wp-block-stackable-text stk-block-text stk-block stk-d79ca72\" data-block-id=\"d79ca72\"><style>.stk-d79ca72 .stk-block-text__text{font-size:16px !important;color:var(--theme-palette-color-4, #0A1821) !important;font-weight:bold !important;}@media screen and (max-width:999px){.stk-d79ca72 .stk-block-text__text{font-size:16px !important;}}<\/style><p class=\"stk-block-text__text has-text-color has-palette-color-4-color\">Clients Satisfaits<\/p><\/div>\n<\/div><\/div><\/div>\n\n\n\n<div class=\"wp-block-stackable-column stk-block-column stk-column stk-block stk-6f868f9\" data-v=\"4\" data-block-id=\"6f868f9\"><style>.stk-6f868f9-container{margin-top:0px !important;margin-right:0px !important;margin-bottom:0px !important;margin-left:0px !important;}<\/style><div class=\"stk-column-wrapper stk-block-column__content stk-container stk-6f868f9-container stk--no-background stk--no-padding\"><div class=\"has-text-align-center stk-block-content stk-inner-blocks stk-6f868f9-inner-blocks\">\n<div class=\"wp-block-stackable-count-up stk-block-count-up stk-block stk-9aede7d\" data-block-id=\"9aede7d\"><style>.stk-9aede7d {margin-bottom:5px !important;}.stk-9aede7d .stk-block-count-up__text{font-size:45px !important;color:var(--theme-palette-color-4, #0A1821) !important;line-height:1.2em !important;font-weight:bold !important;}@media screen and (max-width:999px){.stk-9aede7d .stk-block-count-up__text{font-size:45px !important;}}<\/style><div class=\"stk-block-count-up__text has-text-color has-palette-color-4-color\">100%<\/div><\/div>\n\n\n\n<div class=\"wp-block-stackable-text stk-block-text stk-block stk-4976139\" data-block-id=\"4976139\"><style>.stk-4976139 .stk-block-text__text{font-size:16px !important;color:var(--theme-palette-color-4, #0A1821) !important;font-weight:bold !important;}@media screen and (max-width:999px){.stk-4976139 .stk-block-text__text{font-size:16px !important;}}<\/style><p class=\"stk-block-text__text has-text-color has-palette-color-4-color\">Satisfaction<\/p><\/div>\n<\/div><\/div><\/div>\n<\/div><\/div>\n<\/div><\/div><\/div>\n<\/div><\/div>\n\n\n\n<p><\/p>\n","protected":false},"excerpt":{"rendered":"<p>Votre partenaire immobilier depuis plus de 20 ans Passionn\u00e9 par la pierre et anim\u00e9 par la volont\u00e9 de d\u00e9fendre les int\u00e9r\u00eats de mes clients, j&#8217;accompagne vendeurs, acqu\u00e9reurs et investisseurs depuis 2003. Ma double exp\u00e9rience d\u2019agent et de promoteur immobilier me permet de : D\u00e9velopper et piloter des op\u00e9rations de promotion (programmes neufs, r\u00e9habilitation d\u2019immeubles, ventes [&hellip;]<\/p>\n","protected":false},"author":1,"featured_media":0,"parent":0,"menu_order":0,"comment_status":"closed","ping_status":"closed","template":"","meta":{"footnotes":""},"class_list":["post-782","page","type-page","status-publish","hentry"],"blocksy_meta":{"styles_descriptor":{"styles":{"desktop":"","tablet":"","mobile":""},"google_fonts":[],"version":6},"page_title_panel":"","has_hero_section":"disabled","49a7dbc8efd2a3917e2b33d1b9699341":"","hero_section":"type-1","hero_elements":[{"id":"custom_title","enabled":true,"heading_tag":"h1","title":"Home"},{"id":"custom_description","enabled":true,"description_visibility":{"desktop":true,"tablet":true,"mobile":false}},{"id":"custom_meta","enabled":false,"meta_elements":[{"id":"author","enabled":true,"label":"By","has_author_avatar":"yes","avatar_size":25},{"id":"post_date","enabled":true,"label":"On","date_format_source":"default","date_format":"M j, Y"},{"id":"updated_date","enabled":false,"label":"On","date_format_source":"default","date_format":"M j, Y"},{"id":"categories","enabled":false,"label":"In","style":"simple"},{"id":"comments","enabled":true}],"page_meta_elements":{"joined":true,"articles_count":true,"comments":true}},{"id":"breadcrumbs","enabled":false}],"f78826450ef38494cb964b4c736124d4":"","hero_alignment1":"CT_CSS_SKIP_RULE","hero_margin":40,"hero_alignment2":"center","hero_vertical_alignment":"center","bb667e7bc23af5c88d0a78cc434a7d5a":"","hero_structure":"narrow","33e2311f7424fec7ecd0bcd73c157320":"","page_title_bg_type":"featured_image","custom_hero_background":{"attachment_id":null},"page_title_image_size":"full","parallax":{"desktop":false,"tablet":false,"mobile":false},"c09ad6009593c3753541875c3388d6ca":"","hero_height":"250px","pageTitleFont":{"family":"Default","variation":"Default","size":"30px","line-height":"CT_CSS_SKIP_RULE","letter-spacing":"CT_CSS_SKIP_RULE","text-transform":"CT_CSS_SKIP_RULE","text-decoration":"CT_CSS_SKIP_RULE"},"pageTitleFontColor":{"default":{"color":"CT_CSS_SKIP_RULEDEFAULT"}},"pageMetaFont":{"family":"Default","variation":"n6","size":"12px","line-height":"1.3","letter-spacing":"CT_CSS_SKIP_RULE","text-transform":"uppercase","text-decoration":"CT_CSS_SKIP_RULE"},"pageMetaFontColor":{"default":{"color":"CT_CSS_SKIP_RULEDEFAULT"},"hover":{"color":"CT_CSS_SKIP_RULEDEFAULT"}},"page_meta_button_type_font_colors":{"default":{"color":"CT_CSS_SKIP_RULEDEFAULT"},"hover":{"color":"CT_CSS_SKIP_RULEDEFAULT"}},"page_meta_button_type_background_colors":{"default":{"color":"CT_CSS_SKIP_RULEDEFAULT"},"hover":{"color":"CT_CSS_SKIP_RULEDEFAULT"}},"pageExcerptFont":{"family":"Default","variation":"Default","size":"CT_CSS_SKIP_RULE","line-height":"CT_CSS_SKIP_RULE","letter-spacing":"CT_CSS_SKIP_RULE","text-transform":"CT_CSS_SKIP_RULE","text-decoration":"CT_CSS_SKIP_RULE"},"pageExcerptColor":{"default":{"color":"CT_CSS_SKIP_RULEDEFAULT"}},"breadcrumbsFont":{"family":"Default","variation":"Default","size":"CT_CSS_SKIP_RULE","line-height":"CT_CSS_SKIP_RULE","letter-spacing":"CT_CSS_SKIP_RULE","text-transform":"CT_CSS_SKIP_RULE","text-decoration":"CT_CSS_SKIP_RULE"},"breadcrumbsFontColor":{"default":{"color":"CT_CSS_SKIP_RULEDEFAULT"},"initial":{"color":"CT_CSS_SKIP_RULEDEFAULT"},"hover":{"color":"CT_CSS_SKIP_RULEDEFAULT"}},"pageTitleOverlay":{"background_type":"color","background_pattern":"type-1","background_image":{"attachment_id":null,"x":0,"y":0},"gradient":"linear-gradient(135deg,rgba(6,147,227,1) 0%,rgb(155,81,224) 100%)","background_repeat":"repeat","background_size":"auto","background_attachment":"scroll","patternColor":{"default":{"color":"#e5e7ea"}},"overlayColor":{"default":{"color":"CT_CSS_SKIP_RULE"}},"backgroundColor":{"default":{"color":"CT_CSS_SKIP_RULE"}}},"pageTitleBackground":{"background_type":"color","background_pattern":"type-1","background_image":{"attachment_id":null,"x":0,"y":0},"gradient":"linear-gradient(135deg,rgba(6,147,227,1) 0%,rgb(155,81,224) 100%)","background_repeat":"repeat","background_size":"auto","background_attachment":"scroll","patternColor":{"default":{"color":"#e5e7ea"}},"overlayColor":{"default":{"color":"CT_CSS_SKIP_RULE"}},"backgroundColor":{"default":{"color":"var(--theme-palette-color-6)"}}},"pageTitlePadding":{"top":"50px","bottom":"50px","left":"auto","right":"auto","linked":true},"9da2312fd12af112468f1a557cd080d0":"","page_structure_type":"default","7fa16ca0aa309da681a7ba94ee19170e":"","content_style_source":"inherit","content_style":"wide","vertical_spacing_source":"custom","content_area_spacing":"none","background":{"background_type":"color","background_pattern":"type-1","background_image":{"attachment_id":null,"x":0,"y":0},"gradient":"linear-gradient(135deg,rgba(6,147,227,1) 0%,rgb(155,81,224) 100%)","background_repeat":"repeat","background_size":"auto","background_attachment":"scroll","patternColor":{"default":{"color":"#e5e7ea"}},"overlayColor":{"default":{"color":"CT_CSS_SKIP_RULE"}},"backgroundColor":{"default":{"color":"CT_CSS_SKIP_RULE"}}},"content_background":{"background_type":"color","background_pattern":"type-1","background_image":{"attachment_id":null,"x":0,"y":0},"gradient":"linear-gradient(135deg,rgba(6,147,227,1) 0%,rgb(155,81,224) 100%)","background_repeat":"repeat","background_size":"auto","background_attachment":"scroll","patternColor":{"default":{"color":"#e5e7ea"}},"overlayColor":{"default":{"color":"CT_CSS_SKIP_RULE"}},"backgroundColor":{"default":{"color":"var(--theme-palette-color-8)"}}},"content_boxed_shadow":{"inherit":false,"blur":18,"spread":-6,"v_offset":12,"h_offset":0,"inset":false,"enable":true,"color":{"color":"rgba(34, 56, 101, 0.04)"}},"content_boxed_border":{"width":1,"style":"none","color":{"color":"rgba(44,62,80,0.2)"}},"content_boxed_radius":{"top":"3px","bottom":"3px","left":"3px","right":"3px","linked":true},"boxed_content_spacing":{"desktop":{"top":"40px","bottom":"40px","left":"40px","right":"40px","linked":true},"tablet":{"top":"35px","bottom":"35px","left":"35px","right":"35px","linked":true},"mobile":{"top":"20px","bottom":"20px","left":"20px","right":"20px","linked":true}},"515c77a2e34539af1e7f4d7adaceb756":"","disable_featured_image":"no","disable_share_box":"no","disable_header":"no","disable_footer":"no"},"_links":{"self":[{"href":"https:\/\/a2i.im\/index.php?rest_route=\/wp\/v2\/pages\/782","targetHints":{"allow":["GET"]}}],"collection":[{"href":"https:\/\/a2i.im\/index.php?rest_route=\/wp\/v2\/pages"}],"about":[{"href":"https:\/\/a2i.im\/index.php?rest_route=\/wp\/v2\/types\/page"}],"author":[{"embeddable":true,"href":"https:\/\/a2i.im\/index.php?rest_route=\/wp\/v2\/users\/1"}],"replies":[{"embeddable":true,"href":"https:\/\/a2i.im\/index.php?rest_route=%2Fwp%2Fv2%2Fcomments&post=782"}],"version-history":[{"count":11,"href":"https:\/\/a2i.im\/index.php?rest_route=\/wp\/v2\/pages\/782\/revisions"}],"predecessor-version":[{"id":845,"href":"https:\/\/a2i.im\/index.php?rest_route=\/wp\/v2\/pages\/782\/revisions\/845"}],"wp:attachment":[{"href":"https:\/\/a2i.im\/index.php?rest_route=%2Fwp%2Fv2%2Fmedia&parent=782"}],"curies":[{"name":"wp","href":"https:\/\/api.w.org\/{rel}","templated":true}]}}